{"id":31192,"date":"2025-01-08T13:28:46","date_gmt":"2025-01-08T12:28:46","guid":{"rendered":"https:\/\/althallercommunication.de\/?post_type=product&#038;p=31192"},"modified":"2026-04-20T10:09:19","modified_gmt":"2026-04-20T08:09:19","slug":"die-studie","status":"publish","type":"product","link":"https:\/\/althallercommunication.de\/en\/produkt\/die-studie\/","title":{"rendered":"Die gro\u00dfe B2B Social Media Studie 2025\/26"},"content":{"rendered":"<div class=\"et_d4_element et_pb_section et_pb_section_0  et_pb_css_mix_blend_mode et_section_regular et_block_section\" >\n\t\t\t\t\n\t\t\t\t\n\t\t\t\t\n\t\t\t\t\n\t\t\t\t\n\t\t\t\t\n\t\t\t\t\n\t\t\t\t\n\t\t\t\t\n\t\t\t<\/div>\n","protected":false},"excerpt":{"rendered":"<h5>Die Studie im PDF-Format umfasst rund 200 Seiten mit richtungweisenden Ergebnissen, aussagekr\u00e4ftigen Daten und Fakten sowie detaillierten Grafiken und Diagrammen.<\/h5>\n","protected":false},"featured_media":32880,"template":"","meta":{"_et_pb_use_builder":"on","_et_pb_old_content":"<p class=\"ai-optimize-22\">Mit dem Erwerb der Studie erhalten Sie im PDF-Format rund 200 Seiten richtungweisende Ergebnisse, aussagekr\u00e4ftige Daten und Fakten, detaillierte Grafiken und konkrete Handlungsanweisungen. Alles auf Basis der Angaben von 870 Unternehmen unterschiedlichster Gr\u00f6\u00dfenordnung und Branchen. Aus Deutschland, \u00d6sterreich und der Schweiz. Ausgewertet, aufbereitet zur datenbasierten Unterst\u00fctzung und Planung Ihrer Social Media Strategie. Sichern Sie sich jetzt die Studienergebnisse in der Profi-Version, um Ihre B2B-Social-Media-Strategie effektiv zu planen, datengest\u00fctzt zu optimieren und langfristig erfolgreicher zu machen. Dieses Angebot richtet sich ausschlie\u00dflich an B2B Unternehmen.<\/p>","_et_gb_content_width":"","inline_featured_image":false},"product_brand":[],"product_cat":[2881],"product_tag":[],"class_list":{"0":"post-31192","1":"product","2":"type-product","3":"status-publish","4":"has-post-thumbnail","6":"product_cat-studie2025","8":"first","9":"instock","10":"downloadable","11":"virtual","12":"taxable","13":"purchasable","14":"product-type-simple"},"yoast_head":"<!-- This site is optimized with the Yoast SEO Premium plugin v25.3 (Yoast SEO v27.4) - https:\/\/yoast.com\/product\/yoast-seo-premium-wordpress\/ -->\n<title>Die gro\u00dfe B2B Social Media Studie 2025\/26 | althaller communication<\/title>\n<meta name=\"description\" content=\"Die einzige B2B Social Media Studie: Fakten, Grafiken &amp; Handlungsempfehlungen \u2013 auf Basis von 870 Unternehmen aus allen Gr\u00f6\u00dfen und Branchen.\" \/>\n<meta name=\"robots\" content=\"index, follow, max-snippet:-1, max-image-preview:large, max-video-preview:-1\" \/>\n<link rel=\"canonical\" href=\"https:\/\/althallercommunication.de\/produkt\/die-studie\/\" \/>\n<meta property=\"og:locale\" content=\"en_US\" \/>\n<meta property=\"og:type\" content=\"article\" \/>\n<meta property=\"og:title\" content=\"Die gro\u00dfe B2B Social Media Studie 2025\/26\" \/>\n<meta property=\"og:description\" content=\"Die einzige B2B Social Media Studie: Fakten, Grafiken &amp; Handlungsempfehlungen \u2013 auf Basis von 870 Unternehmen aus allen Gr\u00f6\u00dfen und Branchen.\" \/>\n<meta property=\"og:url\" content=\"https:\/\/althallercommunication.de\/produkt\/die-studie\/\" \/>\n<meta property=\"og:site_name\" content=\"althaller communication\" \/>\n<meta property=\"article:publisher\" content=\"https:\/\/www.facebook.com\/althallercommunication\" \/>\n<meta property=\"article:modified_time\" content=\"2026-04-20T08:09:19+00:00\" \/>\n<meta property=\"og:image\" content=\"https:\/\/althallercommunication.de\/wp-content\/uploads\/2025\/09\/Cover-2025_26.jpg\" \/>\n\t<meta property=\"og:image:width\" content=\"1358\" \/>\n\t<meta property=\"og:image:height\" content=\"1920\" \/>\n\t<meta property=\"og:image:type\" content=\"image\/jpeg\" \/>\n<meta name=\"twitter:card\" content=\"summary_large_image\" \/>\n<meta name=\"twitter:site\" content=\"@ALTHALLERcom\" \/>\n<meta name=\"twitter:label1\" content=\"Est. reading time\" \/>\n\t<meta name=\"twitter:data1\" content=\"1 minute\" \/>\n<script type=\"application\/ld+json\" class=\"yoast-schema-graph\">{\"@context\":\"https:\\\/\\\/schema.org\",\"@graph\":[{\"@type\":\"WebPage\",\"@id\":\"https:\\\/\\\/althallercommunication.de\\\/produkt\\\/die-studie\\\/\",\"url\":\"https:\\\/\\\/althallercommunication.de\\\/produkt\\\/die-studie\\\/\",\"name\":\"Die gro\u00dfe B2B Social Media Studie 2025\\\/26 | althaller communication\",\"isPartOf\":{\"@id\":\"https:\\\/\\\/althallercommunication.de\\\/#website\"},\"primaryImageOfPage\":{\"@id\":\"https:\\\/\\\/althallercommunication.de\\\/produkt\\\/die-studie\\\/#primaryimage\"},\"image\":{\"@id\":\"https:\\\/\\\/althallercommunication.de\\\/produkt\\\/die-studie\\\/#primaryimage\"},\"thumbnailUrl\":\"https:\\\/\\\/althallercommunication.de\\\/wp-content\\\/uploads\\\/2025\\\/09\\\/Cover-2025_26.jpg\",\"datePublished\":\"2025-01-08T12:28:46+00:00\",\"dateModified\":\"2026-04-20T08:09:19+00:00\",\"description\":\"Die einzige B2B Social Media Studie: Fakten, Grafiken & Handlungsempfehlungen \u2013 auf Basis von 870 Unternehmen aus allen Gr\u00f6\u00dfen und Branchen.\",\"breadcrumb\":{\"@id\":\"https:\\\/\\\/althallercommunication.de\\\/produkt\\\/die-studie\\\/#breadcrumb\"},\"inLanguage\":\"en-US\",\"potentialAction\":[{\"@type\":\"ReadAction\",\"target\":[\"https:\\\/\\\/althallercommunication.de\\\/produkt\\\/die-studie\\\/\"]}]},{\"@type\":\"ImageObject\",\"inLanguage\":\"en-US\",\"@id\":\"https:\\\/\\\/althallercommunication.de\\\/produkt\\\/die-studie\\\/#primaryimage\",\"url\":\"https:\\\/\\\/althallercommunication.de\\\/wp-content\\\/uploads\\\/2025\\\/09\\\/Cover-2025_26.jpg\",\"contentUrl\":\"https:\\\/\\\/althallercommunication.de\\\/wp-content\\\/uploads\\\/2025\\\/09\\\/Cover-2025_26.jpg\",\"width\":1358,\"height\":1920},{\"@type\":\"BreadcrumbList\",\"@id\":\"https:\\\/\\\/althallercommunication.de\\\/produkt\\\/die-studie\\\/#breadcrumb\",\"itemListElement\":[{\"@type\":\"ListItem\",\"position\":1,\"name\":\"Startseite\",\"item\":\"https:\\\/\\\/althallercommunication.de\\\/en\\\/\"},{\"@type\":\"ListItem\",\"position\":2,\"name\":\"Shop\",\"item\":\"https:\\\/\\\/althallercommunication.de\\\/shop\\\/\"},{\"@type\":\"ListItem\",\"position\":3,\"name\":\"Die gro\u00dfe B2B Social Media Studie 2025\\\/26\"}]},{\"@type\":\"WebSite\",\"@id\":\"https:\\\/\\\/althallercommunication.de\\\/#website\",\"url\":\"https:\\\/\\\/althallercommunication.de\\\/\",\"name\":\"althaller communication\",\"description\":\"Martkommunikation B2B\",\"publisher\":{\"@id\":\"https:\\\/\\\/althallercommunication.de\\\/#organization\"},\"potentialAction\":[{\"@type\":\"SearchAction\",\"target\":{\"@type\":\"EntryPoint\",\"urlTemplate\":\"https:\\\/\\\/althallercommunication.de\\\/?s={search_term_string}\"},\"query-input\":{\"@type\":\"PropertyValueSpecification\",\"valueRequired\":true,\"valueName\":\"search_term_string\"}}],\"inLanguage\":\"en-US\"},{\"@type\":\"Organization\",\"@id\":\"https:\\\/\\\/althallercommunication.de\\\/#organization\",\"name\":\"ALTHALLER communication\",\"url\":\"https:\\\/\\\/althallercommunication.de\\\/\",\"logo\":{\"@type\":\"ImageObject\",\"inLanguage\":\"en-US\",\"@id\":\"https:\\\/\\\/althallercommunication.de\\\/#\\\/schema\\\/logo\\\/image\\\/\",\"url\":\"https:\\\/\\\/althallercommunication.de\\\/wp-content\\\/uploads\\\/2023\\\/12\\\/althaller_comm_b.png\",\"contentUrl\":\"https:\\\/\\\/althallercommunication.de\\\/wp-content\\\/uploads\\\/2023\\\/12\\\/althaller_comm_b.png\",\"width\":464,\"height\":110,\"caption\":\"ALTHALLER communication\"},\"image\":{\"@id\":\"https:\\\/\\\/althallercommunication.de\\\/#\\\/schema\\\/logo\\\/image\\\/\"},\"sameAs\":[\"https:\\\/\\\/www.facebook.com\\\/althallercommunication\",\"https:\\\/\\\/x.com\\\/ALTHALLERcom\",\"https:\\\/\\\/www.linkedin.com\\\/company\\\/3332596?trk=tyah&amp;amp;amp;trkInfo=tas:COMMUNICATION Presse und PR,idx:1-1-1\"]}]}<\/script>\n<!-- \/ Yoast SEO Premium plugin. -->","yoast_head_json":{"title":"Die gro\u00dfe B2B Social Media Studie 2025\/26 | althaller communication","description":"Die einzige B2B Social Media Studie: Fakten, Grafiken & Handlungsempfehlungen \u2013 auf Basis von 870 Unternehmen aus allen Gr\u00f6\u00dfen und Branchen.","robots":{"index":"index","follow":"follow","max-snippet":"max-snippet:-1","max-image-preview":"max-image-preview:large","max-video-preview":"max-video-preview:-1"},"canonical":"https:\/\/althallercommunication.de\/produkt\/die-studie\/","og_locale":"en_US","og_type":"article","og_title":"Die gro\u00dfe B2B Social Media Studie 2025\/26","og_description":"Die einzige B2B Social Media Studie: Fakten, Grafiken & Handlungsempfehlungen \u2013 auf Basis von 870 Unternehmen aus allen Gr\u00f6\u00dfen und Branchen.","og_url":"https:\/\/althallercommunication.de\/produkt\/die-studie\/","og_site_name":"althaller communication","article_publisher":"https:\/\/www.facebook.com\/althallercommunication","article_modified_time":"2026-04-20T08:09:19+00:00","og_image":[{"width":1358,"height":1920,"url":"https:\/\/althallercommunication.de\/wp-content\/uploads\/2025\/09\/Cover-2025_26.jpg","type":"image\/jpeg"}],"twitter_card":"summary_large_image","twitter_site":"@ALTHALLERcom","twitter_misc":{"Est. reading time":"1 minute"},"schema":{"@context":"https:\/\/schema.org","@graph":[{"@type":"WebPage","@id":"https:\/\/althallercommunication.de\/produkt\/die-studie\/","url":"https:\/\/althallercommunication.de\/produkt\/die-studie\/","name":"Die gro\u00dfe B2B Social Media Studie 2025\/26 | althaller communication","isPartOf":{"@id":"https:\/\/althallercommunication.de\/#website"},"primaryImageOfPage":{"@id":"https:\/\/althallercommunication.de\/produkt\/die-studie\/#primaryimage"},"image":{"@id":"https:\/\/althallercommunication.de\/produkt\/die-studie\/#primaryimage"},"thumbnailUrl":"https:\/\/althallercommunication.de\/wp-content\/uploads\/2025\/09\/Cover-2025_26.jpg","datePublished":"2025-01-08T12:28:46+00:00","dateModified":"2026-04-20T08:09:19+00:00","description":"Die einzige B2B Social Media Studie: Fakten, Grafiken & Handlungsempfehlungen \u2013 auf Basis von 870 Unternehmen aus allen Gr\u00f6\u00dfen und Branchen.","breadcrumb":{"@id":"https:\/\/althallercommunication.de\/produkt\/die-studie\/#breadcrumb"},"inLanguage":"en-US","potentialAction":[{"@type":"ReadAction","target":["https:\/\/althallercommunication.de\/produkt\/die-studie\/"]}]},{"@type":"ImageObject","inLanguage":"en-US","@id":"https:\/\/althallercommunication.de\/produkt\/die-studie\/#primaryimage","url":"https:\/\/althallercommunication.de\/wp-content\/uploads\/2025\/09\/Cover-2025_26.jpg","contentUrl":"https:\/\/althallercommunication.de\/wp-content\/uploads\/2025\/09\/Cover-2025_26.jpg","width":1358,"height":1920},{"@type":"BreadcrumbList","@id":"https:\/\/althallercommunication.de\/produkt\/die-studie\/#breadcrumb","itemListElement":[{"@type":"ListItem","position":1,"name":"Startseite","item":"https:\/\/althallercommunication.de\/en\/"},{"@type":"ListItem","position":2,"name":"Shop","item":"https:\/\/althallercommunication.de\/shop\/"},{"@type":"ListItem","position":3,"name":"Die gro\u00dfe B2B Social Media Studie 2025\/26"}]},{"@type":"WebSite","@id":"https:\/\/althallercommunication.de\/#website","url":"https:\/\/althallercommunication.de\/","name":"althaller communication","description":"Martkommunikation B2B","publisher":{"@id":"https:\/\/althallercommunication.de\/#organization"},"potentialAction":[{"@type":"SearchAction","target":{"@type":"EntryPoint","urlTemplate":"https:\/\/althallercommunication.de\/?s={search_term_string}"},"query-input":{"@type":"PropertyValueSpecification","valueRequired":true,"valueName":"search_term_string"}}],"inLanguage":"en-US"},{"@type":"Organization","@id":"https:\/\/althallercommunication.de\/#organization","name":"ALTHALLER communication","url":"https:\/\/althallercommunication.de\/","logo":{"@type":"ImageObject","inLanguage":"en-US","@id":"https:\/\/althallercommunication.de\/#\/schema\/logo\/image\/","url":"https:\/\/althallercommunication.de\/wp-content\/uploads\/2023\/12\/althaller_comm_b.png","contentUrl":"https:\/\/althallercommunication.de\/wp-content\/uploads\/2023\/12\/althaller_comm_b.png","width":464,"height":110,"caption":"ALTHALLER communication"},"image":{"@id":"https:\/\/althallercommunication.de\/#\/schema\/logo\/image\/"},"sameAs":["https:\/\/www.facebook.com\/althallercommunication","https:\/\/x.com\/ALTHALLERcom","https:\/\/www.linkedin.com\/company\/3332596?trk=tyah&amp;amp;amp;trkInfo=tas:COMMUNICATION Presse und PR,idx:1-1-1"]}]}},"_links":{"self":[{"href":"https:\/\/althallercommunication.de\/en\/wp-json\/wp\/v2\/product\/31192","targetHints":{"allow":["GET"]}}],"collection":[{"href":"https:\/\/althallercommunication.de\/en\/wp-json\/wp\/v2\/product"}],"about":[{"href":"https:\/\/althallercommunication.de\/en\/wp-json\/wp\/v2\/types\/product"}],"wp:featuredmedia":[{"embeddable":true,"href":"https:\/\/althallercommunication.de\/en\/wp-json\/wp\/v2\/media\/32880"}],"wp:attachment":[{"href":"https:\/\/althallercommunication.de\/en\/wp-json\/wp\/v2\/media?parent=31192"}],"wp:term":[{"taxonomy":"product_brand","embeddable":true,"href":"https:\/\/althallercommunication.de\/en\/wp-json\/wp\/v2\/product_brand?post=31192"},{"taxonomy":"product_cat","embeddable":true,"href":"https:\/\/althallercommunication.de\/en\/wp-json\/wp\/v2\/product_cat?post=31192"},{"taxonomy":"product_tag","embeddable":true,"href":"https:\/\/althallercommunication.de\/en\/wp-json\/wp\/v2\/product_tag?post=31192"}],"curies":[{"name":"wp","href":"https:\/\/api.w.org\/{rel}","templated":true}]}}