{"id":32021,"date":"2025-06-13T08:37:54","date_gmt":"2025-06-13T06:37:54","guid":{"rendered":"https:\/\/althallercommunication.de\/?post_type=product&#038;p=32021"},"modified":"2025-11-18T11:38:43","modified_gmt":"2025-11-18T10:38:43","slug":"mysocialassist","status":"publish","type":"product","link":"https:\/\/althallercommunication.de\/en\/produkt\/mysocialassist\/","title":{"rendered":"Exklusive 30-min\u00fctige MySocialAssist-Session"},"content":{"rendered":"<p class=\"ai-optimize-29 ai-optimize-introduction\">Ihr direkter Zugang zu unvergleichlichem B2B-Social-Media-Wissen \u2013 mit pers\u00f6nlichem Chat-Protokoll!<\/p>\n<p class=\"ai-optimize-30\">Mit dem Erwerb dieser Beratungsleistung erhalten Sie State-of-the-Art-Informationen, die in dieser Tiefe sonst nirgendwo verf\u00fcgbar sind. MySocialAssist, unsere speziell trainierte KI, gef\u00fcttert mit echten Datens\u00e4tzen der B2B Social Media Langzeitstudie, liefert Ihnen in Sekunden belastbare Antworten \u2013 Wissen, das Sie auch durch aufwendige Recherchen oder kostspielige Expertenanalysen sonst nicht erhalten w\u00fcrden. Sichern Sie sich einen einzigartigen Wissensvorsprung! Dieses Angebot richtet sich ausschlie\u00dflich an B2B Unternehmen.<\/p>\n<p class=\"ai-optimize-31\"><strong>Jetzt Termin sichern und exklusive Insights erhalten!<\/strong><\/p>\n<p class=\"ai-optimize-23\"><strong data-start=\"181\" data-end=\"203\">Direkt zum Termin:<\/strong> Erst Kauf abschlie\u00dfen, dann erhalten Sie unmittelbar den Kalender-Link f\u00fcr zur Auswahl Ihres Wunschtermins.<\/p>\n","protected":false},"excerpt":{"rendered":"<h5>Ihr direkter Zugang zu unvergleichlichem B2B-Social-Media-Wissen \u2013 mit pers\u00f6nlichem Chat-Protokoll!<br \/>\nBeratungsleistung mit State-of-the-Art-Informationen, die in dieser Tiefe sonst nirgendwo verf\u00fcgbar sind.<\/h5>\n<h5><strong data-start=\"181\" data-end=\"203\">Direkt zum Termin:<\/strong> Erst Kauf abschlie\u00dfen, dann erhalten Sie sofort den Kalender-Link zur Auswahl Ihres Wunschtermins.<\/h5>\n","protected":false},"featured_media":31549,"template":"","meta":{"_et_pb_use_builder":"off","_et_pb_old_content":"Exklusive 30-min\u00fctige \u201eAsk Me Anything\u201c-Session: Ihr direkter Zugang zu unvergleichlichem B2B-Social-Media-Wissen \u2013 mit pers\u00f6nlichem Chat-Protokoll!\r\n\r\nMit dem Erwerb dieser Beratungsleistung erhalten Sie State-of-the-Art-Informationen, die in dieser Tiefe sonst nirgendwo verf\u00fcgbar sind. Unsere speziell trainierte KI, gef\u00fcttert mit echten Datens\u00e4tzen der B2B Social Media Langzeitstudie 2024\/2025, liefert Ihnen in Sekunden belastbare Antworten \u2013 Wissen, das Sie sonst nur durch aufwendige Recherchen oder kostspielige Expertenanalysen erhalten w\u00fcrden.\r\n\r\nMit dieser Session sichern Sie sich einen einzigartigen Wissensvorsprung, um Ihre B2B-Social-Media-Strategie effektiv zu planen, datengest\u00fctzt zu optimieren und langfristig erfolgreicher zu machen \u2013 schnell, effizient und praxisnah.","_et_gb_content_width":"","inline_featured_image":false},"product_brand":[],"product_cat":[2880],"product_tag":[],"class_list":{"0":"post-32021","1":"product","2":"type-product","3":"status-publish","4":"has-post-thumbnail","6":"product_cat-30session","8":"first","9":"instock","10":"virtual","11":"taxable","12":"purchasable","13":"product-type-simple"},"yoast_head":"<!-- This site is optimized with the Yoast SEO Premium plugin v25.3 (Yoast SEO v27.4) - https:\/\/yoast.com\/product\/yoast-seo-premium-wordpress\/ -->\n<title>Exklusive 30-min\u00fctige MySocialAssist-Session | althaller communication<\/title>\n<meta name=\"description\" content=\"Exklusive 30-min\u00fctige \u201eAsk Me Anything\u201c-Session: Ihr direkter Zugang zu unvergleichlichem B2B-Social-Media-Wissen \u2013 mit pers\u00f6nlichem Chat-Protokol\" \/>\n<meta name=\"robots\" content=\"index, follow, max-snippet:-1, max-image-preview:large, max-video-preview:-1\" \/>\n<link rel=\"canonical\" href=\"https:\/\/althallercommunication.de\/produkt\/mysocialassist\/\" \/>\n<meta property=\"og:locale\" content=\"en_US\" \/>\n<meta property=\"og:type\" content=\"article\" \/>\n<meta property=\"og:title\" content=\"Exklusive 30-min\u00fctige MySocialAssist-Session\" \/>\n<meta property=\"og:description\" content=\"Exklusive 30-min\u00fctige \u201eAsk Me Anything\u201c-Session: Ihr direkter Zugang zu unvergleichlichem B2B-Social-Media-Wissen \u2013 mit pers\u00f6nlichem Chat-Protokol\" \/>\n<meta property=\"og:url\" content=\"https:\/\/althallercommunication.de\/produkt\/mysocialassist\/\" \/>\n<meta property=\"og:site_name\" content=\"althaller communication\" \/>\n<meta property=\"article:publisher\" content=\"https:\/\/www.facebook.com\/althallercommunication\" \/>\n<meta property=\"article:modified_time\" content=\"2025-11-18T10:38:43+00:00\" \/>\n<meta property=\"og:image\" content=\"https:\/\/althallercommunication.de\/wp-content\/uploads\/2025\/02\/ask-me-30.webp\" \/>\n\t<meta property=\"og:image:width\" content=\"1200\" \/>\n\t<meta property=\"og:image:height\" content=\"720\" \/>\n\t<meta property=\"og:image:type\" content=\"image\/webp\" \/>\n<meta name=\"twitter:card\" content=\"summary_large_image\" \/>\n<meta name=\"twitter:site\" content=\"@ALTHALLERcom\" \/>\n<meta name=\"twitter:label1\" content=\"Est. reading time\" \/>\n\t<meta name=\"twitter:data1\" content=\"1 minute\" \/>\n<script type=\"application\/ld+json\" class=\"yoast-schema-graph\">{\"@context\":\"https:\\\/\\\/schema.org\",\"@graph\":[{\"@type\":\"WebPage\",\"@id\":\"https:\\\/\\\/althallercommunication.de\\\/produkt\\\/mysocialassist\\\/\",\"url\":\"https:\\\/\\\/althallercommunication.de\\\/produkt\\\/mysocialassist\\\/\",\"name\":\"Exklusive 30-min\u00fctige MySocialAssist-Session | althaller communication\",\"isPartOf\":{\"@id\":\"https:\\\/\\\/althallercommunication.de\\\/#website\"},\"primaryImageOfPage\":{\"@id\":\"https:\\\/\\\/althallercommunication.de\\\/produkt\\\/mysocialassist\\\/#primaryimage\"},\"image\":{\"@id\":\"https:\\\/\\\/althallercommunication.de\\\/produkt\\\/mysocialassist\\\/#primaryimage\"},\"thumbnailUrl\":\"https:\\\/\\\/althallercommunication.de\\\/wp-content\\\/uploads\\\/2025\\\/02\\\/ask-me-30.webp\",\"datePublished\":\"2025-06-13T06:37:54+00:00\",\"dateModified\":\"2025-11-18T10:38:43+00:00\",\"description\":\"Exklusive 30-min\u00fctige \u201eAsk Me Anything\u201c-Session: Ihr direkter Zugang zu unvergleichlichem B2B-Social-Media-Wissen \u2013 mit pers\u00f6nlichem Chat-Protokol\",\"breadcrumb\":{\"@id\":\"https:\\\/\\\/althallercommunication.de\\\/produkt\\\/mysocialassist\\\/#breadcrumb\"},\"inLanguage\":\"en-US\",\"potentialAction\":[{\"@type\":\"ReadAction\",\"target\":[\"https:\\\/\\\/althallercommunication.de\\\/produkt\\\/mysocialassist\\\/\"]}]},{\"@type\":\"ImageObject\",\"inLanguage\":\"en-US\",\"@id\":\"https:\\\/\\\/althallercommunication.de\\\/produkt\\\/mysocialassist\\\/#primaryimage\",\"url\":\"https:\\\/\\\/althallercommunication.de\\\/wp-content\\\/uploads\\\/2025\\\/02\\\/ask-me-30.webp\",\"contentUrl\":\"https:\\\/\\\/althallercommunication.de\\\/wp-content\\\/uploads\\\/2025\\\/02\\\/ask-me-30.webp\",\"width\":1200,\"height\":720,\"caption\":\"Beratung\"},{\"@type\":\"BreadcrumbList\",\"@id\":\"https:\\\/\\\/althallercommunication.de\\\/produkt\\\/mysocialassist\\\/#breadcrumb\",\"itemListElement\":[{\"@type\":\"ListItem\",\"position\":1,\"name\":\"Startseite\",\"item\":\"https:\\\/\\\/althallercommunication.de\\\/en\\\/\"},{\"@type\":\"ListItem\",\"position\":2,\"name\":\"Shop\",\"item\":\"https:\\\/\\\/althallercommunication.de\\\/shop\\\/\"},{\"@type\":\"ListItem\",\"position\":3,\"name\":\"Exklusive 30-min\u00fctige MySocialAssist-Session\"}]},{\"@type\":\"WebSite\",\"@id\":\"https:\\\/\\\/althallercommunication.de\\\/#website\",\"url\":\"https:\\\/\\\/althallercommunication.de\\\/\",\"name\":\"althaller communication\",\"description\":\"Martkommunikation B2B\",\"publisher\":{\"@id\":\"https:\\\/\\\/althallercommunication.de\\\/#organization\"},\"potentialAction\":[{\"@type\":\"SearchAction\",\"target\":{\"@type\":\"EntryPoint\",\"urlTemplate\":\"https:\\\/\\\/althallercommunication.de\\\/?s={search_term_string}\"},\"query-input\":{\"@type\":\"PropertyValueSpecification\",\"valueRequired\":true,\"valueName\":\"search_term_string\"}}],\"inLanguage\":\"en-US\"},{\"@type\":\"Organization\",\"@id\":\"https:\\\/\\\/althallercommunication.de\\\/#organization\",\"name\":\"ALTHALLER communication\",\"url\":\"https:\\\/\\\/althallercommunication.de\\\/\",\"logo\":{\"@type\":\"ImageObject\",\"inLanguage\":\"en-US\",\"@id\":\"https:\\\/\\\/althallercommunication.de\\\/#\\\/schema\\\/logo\\\/image\\\/\",\"url\":\"https:\\\/\\\/althallercommunication.de\\\/wp-content\\\/uploads\\\/2023\\\/12\\\/althaller_comm_b.png\",\"contentUrl\":\"https:\\\/\\\/althallercommunication.de\\\/wp-content\\\/uploads\\\/2023\\\/12\\\/althaller_comm_b.png\",\"width\":464,\"height\":110,\"caption\":\"ALTHALLER communication\"},\"image\":{\"@id\":\"https:\\\/\\\/althallercommunication.de\\\/#\\\/schema\\\/logo\\\/image\\\/\"},\"sameAs\":[\"https:\\\/\\\/www.facebook.com\\\/althallercommunication\",\"https:\\\/\\\/x.com\\\/ALTHALLERcom\",\"https:\\\/\\\/www.linkedin.com\\\/company\\\/3332596?trk=tyah&amp;amp;amp;trkInfo=tas:COMMUNICATION Presse und PR,idx:1-1-1\"]}]}<\/script>\n<!-- \/ Yoast SEO Premium plugin. -->","yoast_head_json":{"title":"Exklusive 30-min\u00fctige MySocialAssist-Session | althaller communication","description":"Exklusive 30-min\u00fctige \u201eAsk Me Anything\u201c-Session: Ihr direkter Zugang zu unvergleichlichem B2B-Social-Media-Wissen \u2013 mit pers\u00f6nlichem Chat-Protokol","robots":{"index":"index","follow":"follow","max-snippet":"max-snippet:-1","max-image-preview":"max-image-preview:large","max-video-preview":"max-video-preview:-1"},"canonical":"https:\/\/althallercommunication.de\/produkt\/mysocialassist\/","og_locale":"en_US","og_type":"article","og_title":"Exklusive 30-min\u00fctige MySocialAssist-Session","og_description":"Exklusive 30-min\u00fctige \u201eAsk Me Anything\u201c-Session: Ihr direkter Zugang zu unvergleichlichem B2B-Social-Media-Wissen \u2013 mit pers\u00f6nlichem Chat-Protokol","og_url":"https:\/\/althallercommunication.de\/produkt\/mysocialassist\/","og_site_name":"althaller communication","article_publisher":"https:\/\/www.facebook.com\/althallercommunication","article_modified_time":"2025-11-18T10:38:43+00:00","og_image":[{"width":1200,"height":720,"url":"https:\/\/althallercommunication.de\/wp-content\/uploads\/2025\/02\/ask-me-30.webp","type":"image\/webp"}],"twitter_card":"summary_large_image","twitter_site":"@ALTHALLERcom","twitter_misc":{"Est. reading time":"1 minute"},"schema":{"@context":"https:\/\/schema.org","@graph":[{"@type":"WebPage","@id":"https:\/\/althallercommunication.de\/produkt\/mysocialassist\/","url":"https:\/\/althallercommunication.de\/produkt\/mysocialassist\/","name":"Exklusive 30-min\u00fctige MySocialAssist-Session | althaller communication","isPartOf":{"@id":"https:\/\/althallercommunication.de\/#website"},"primaryImageOfPage":{"@id":"https:\/\/althallercommunication.de\/produkt\/mysocialassist\/#primaryimage"},"image":{"@id":"https:\/\/althallercommunication.de\/produkt\/mysocialassist\/#primaryimage"},"thumbnailUrl":"https:\/\/althallercommunication.de\/wp-content\/uploads\/2025\/02\/ask-me-30.webp","datePublished":"2025-06-13T06:37:54+00:00","dateModified":"2025-11-18T10:38:43+00:00","description":"Exklusive 30-min\u00fctige \u201eAsk Me Anything\u201c-Session: Ihr direkter Zugang zu unvergleichlichem B2B-Social-Media-Wissen \u2013 mit pers\u00f6nlichem Chat-Protokol","breadcrumb":{"@id":"https:\/\/althallercommunication.de\/produkt\/mysocialassist\/#breadcrumb"},"inLanguage":"en-US","potentialAction":[{"@type":"ReadAction","target":["https:\/\/althallercommunication.de\/produkt\/mysocialassist\/"]}]},{"@type":"ImageObject","inLanguage":"en-US","@id":"https:\/\/althallercommunication.de\/produkt\/mysocialassist\/#primaryimage","url":"https:\/\/althallercommunication.de\/wp-content\/uploads\/2025\/02\/ask-me-30.webp","contentUrl":"https:\/\/althallercommunication.de\/wp-content\/uploads\/2025\/02\/ask-me-30.webp","width":1200,"height":720,"caption":"Beratung"},{"@type":"BreadcrumbList","@id":"https:\/\/althallercommunication.de\/produkt\/mysocialassist\/#breadcrumb","itemListElement":[{"@type":"ListItem","position":1,"name":"Startseite","item":"https:\/\/althallercommunication.de\/en\/"},{"@type":"ListItem","position":2,"name":"Shop","item":"https:\/\/althallercommunication.de\/shop\/"},{"@type":"ListItem","position":3,"name":"Exklusive 30-min\u00fctige MySocialAssist-Session"}]},{"@type":"WebSite","@id":"https:\/\/althallercommunication.de\/#website","url":"https:\/\/althallercommunication.de\/","name":"althaller communication","description":"Martkommunikation B2B","publisher":{"@id":"https:\/\/althallercommunication.de\/#organization"},"potentialAction":[{"@type":"SearchAction","target":{"@type":"EntryPoint","urlTemplate":"https:\/\/althallercommunication.de\/?s={search_term_string}"},"query-input":{"@type":"PropertyValueSpecification","valueRequired":true,"valueName":"search_term_string"}}],"inLanguage":"en-US"},{"@type":"Organization","@id":"https:\/\/althallercommunication.de\/#organization","name":"ALTHALLER communication","url":"https:\/\/althallercommunication.de\/","logo":{"@type":"ImageObject","inLanguage":"en-US","@id":"https:\/\/althallercommunication.de\/#\/schema\/logo\/image\/","url":"https:\/\/althallercommunication.de\/wp-content\/uploads\/2023\/12\/althaller_comm_b.png","contentUrl":"https:\/\/althallercommunication.de\/wp-content\/uploads\/2023\/12\/althaller_comm_b.png","width":464,"height":110,"caption":"ALTHALLER communication"},"image":{"@id":"https:\/\/althallercommunication.de\/#\/schema\/logo\/image\/"},"sameAs":["https:\/\/www.facebook.com\/althallercommunication","https:\/\/x.com\/ALTHALLERcom","https:\/\/www.linkedin.com\/company\/3332596?trk=tyah&amp;amp;amp;trkInfo=tas:COMMUNICATION Presse und PR,idx:1-1-1"]}]}},"_links":{"self":[{"href":"https:\/\/althallercommunication.de\/en\/wp-json\/wp\/v2\/product\/32021","targetHints":{"allow":["GET"]}}],"collection":[{"href":"https:\/\/althallercommunication.de\/en\/wp-json\/wp\/v2\/product"}],"about":[{"href":"https:\/\/althallercommunication.de\/en\/wp-json\/wp\/v2\/types\/product"}],"wp:featuredmedia":[{"embeddable":true,"href":"https:\/\/althallercommunication.de\/en\/wp-json\/wp\/v2\/media\/31549"}],"wp:attachment":[{"href":"https:\/\/althallercommunication.de\/en\/wp-json\/wp\/v2\/media?parent=32021"}],"wp:term":[{"taxonomy":"product_brand","embeddable":true,"href":"https:\/\/althallercommunication.de\/en\/wp-json\/wp\/v2\/product_brand?post=32021"},{"taxonomy":"product_cat","embeddable":true,"href":"https:\/\/althallercommunication.de\/en\/wp-json\/wp\/v2\/product_cat?post=32021"},{"taxonomy":"product_tag","embeddable":true,"href":"https:\/\/althallercommunication.de\/en\/wp-json\/wp\/v2\/product_tag?post=32021"}],"curies":[{"name":"wp","href":"https:\/\/api.w.org\/{rel}","templated":true}]}}